{"id":10,"date":"2022-12-02T21:22:54","date_gmt":"2022-12-02T20:22:54","guid":{"rendered":"https:\/\/xn--svensk-plseret-xqb.dk\/?page_id=10"},"modified":"2024-11-25T20:22:54","modified_gmt":"2024-11-25T19:22:54","slug":"svensk-poelseret","status":"publish","type":"page","link":"https:\/\/xn--svensk-plseret-xqb.dk\/","title":{"rendered":"Svensk p\u00f8lseret"},"content":{"rendered":"\n<div style=\"height:50px\" aria-hidden=\"true\" class=\"wp-block-spacer\"><\/div>\n\n\n\n<h1 class=\"wp-block-heading has-text-align-center\">Alt hvad du skal vide om svensk p\u00f8lseret<\/h1>\n\n\n\n<figure class=\"wp-block-image alignfull size-full\"><img loading=\"lazy\" decoding=\"async\" width=\"1152\" height=\"768\" src=\"https:\/\/xn--svensk-plseret-xqb.dk\/wp-content\/uploads\/2024\/11\/Svensk-poelseret-Mad.webp\" alt=\"\" class=\"wp-image-73\" title=\"\" srcset=\"https:\/\/xn--svensk-plseret-xqb.dk\/wp-content\/uploads\/2024\/11\/Svensk-poelseret-Mad.webp 1152w, https:\/\/xn--svensk-plseret-xqb.dk\/wp-content\/uploads\/2024\/11\/Svensk-poelseret-Mad-300x200.webp 300w, https:\/\/xn--svensk-plseret-xqb.dk\/wp-content\/uploads\/2024\/11\/Svensk-poelseret-Mad-1024x683.webp 1024w, https:\/\/xn--svensk-plseret-xqb.dk\/wp-content\/uploads\/2024\/11\/Svensk-poelseret-Mad-768x512.webp 768w\" sizes=\"auto, (max-width: 1152px) 100vw, 1152px\" \/><\/figure>\n\n\n\n<div style=\"height:30px\" aria-hidden=\"true\" class=\"wp-block-spacer\"><\/div>\n\n\n\n<p>Overvejer du at lave en svensk p\u00f8lseret, men vil du gerne vide lidt om retten helt generelt inden du starter p\u00e5 det? Det er altid sjovt at vide noget om det mad man laver, da der ofte er en masse sjov historie omkring de forskellige retter.&nbsp;<\/p>\n\n\n\n<p>Det g\u00e6lder ogs\u00e5 svensk p\u00f8lseret, der har en kort lille historie tilknyttet sig, der kan v\u00e6re med til at give en lille forklaring p\u00e5 navnet og dens ophav. Det giver dig noget baggrundsviden, der kan hj\u00e6lpe dig med at lave maden p\u00e5 den bedst mulige m\u00e5de, som du overhovedet kan.<\/p>\n\n\n\n<p>Derfor er det ogs\u00e5 en god ide, at du kender til baggrunden for retten og dens ingredienser. Det giver dig flere muligheder, n\u00e5r du skal til at lave svensk p\u00f8lseret, da det er meget forskelligt, hvordan den bliver lavet rundt omkring i Danmark hos de enkelte familier.&nbsp;<\/p>\n\n\n\n<h2 class=\"wp-block-heading\">Hvordan laver man svensk p\u00f8lseret?<\/h2>\n\n\n\n<p>Vil du gerne til at lave svensk p\u00f8lseret? S\u00e5 skal du ikke v\u00e6re bange for at springe ud i det. Svensk p\u00f8lseret er en rigtig nem ret at lave, som alle kan pr\u00f8ve af, hvis de gerne vil pr\u00f8ve noget nyt og nemt mad at lave.&nbsp;<\/p>\n\n\n\n<p>N\u00e5r du laver svensk p\u00f8lseret, s\u00e5 skal du starte med at sautere dine l\u00f8g og hvidl\u00f8g, hvis du bruger dem. Herefter skal du putte dine p\u00f8lser ned til l\u00f8gene, hvorefter det skal steges sammen i en gryde. Det giver en rigtig god smag og sikrer, at p\u00f8lserne smager godt, n\u00e5r retten er f\u00e6rdig.&nbsp;<\/p>\n\n\n\n<p>Herefter skal du blot tilf\u00f8je&nbsp;de forskellige ingredienser, hvor det er en god ide, at du starter med din tomatpure og ketchup. Herefter skal de kogte kartofler&nbsp;ned i gryden sammen med m\u00e6lk og fl\u00f8de. Det er vigtigt, at du hele tiden s\u00f8rger for at lade tingene simre stille og roligt ind et par gange samt r\u00f8rer det godt rundt og sammen. Du vil p\u00e5 den m\u00e5de f\u00e5 den mest velsmagende svenske p\u00f8lseret.&nbsp;<\/p>\n\n\n\n<h2 class=\"wp-block-heading\">Hvilke ingredienser indg\u00e5r i svensk p\u00f8lseret?<\/h2>\n\n\n\n<p>Der indg\u00e5r en r\u00e6kke forskellige ingredienser i svensk p\u00f8lseret, der er en nem ret at lave. Det kr\u00e6ver ikke den helt store m\u00e6ngde af ingredienser, hvor det ogs\u00e5 varierer meget, hvordan rette bliver lavet. Derfor er det sv\u00e6rt at give et helt konkret svar p\u00e5 &#8220;de perfekte&#8221; ingredienser i forbindelse med svensk p\u00f8lseret.&nbsp;<\/p>\n\n\n\n<p>Det kan dog siges, at de vigtigste og de gennemg\u00e5ende ingredienser best\u00e5r af kartofler, p\u00f8lser, tomatpure, m\u00e6lk, fl\u00f8de og&nbsp;l\u00f8g. Herudover vil der ogs\u00e5 oftest blive tilf\u00f8jet for\u00e5rsl\u00f8g, ketchup, paprika, hvidl\u00f8g og creme fraiche. Du vil ogs\u00e5 sagtens kunne finde opskrifter, der indeholder andre ingredienser end de n\u00e6vnte.&nbsp;<\/p>\n\n\n\n<p>De&nbsp;varierende ingredienser vidner ogs\u00e5 noget omkring retten. Der er ikke en &#8220;rigtig&#8221; m\u00e5de at lave den p\u00e5. Det er p\u00e5 sin vis en meget l\u00f8s ret, hvor der ikke er de strenge krav til ingredienser eller forberedelse af retten. Det er meget \u00e5bent for den enkelte at tilpasse svensk p\u00f8lseret til en selv og dem, der skal have maden. Du kan derfor sagtens pr\u00f8ve dig frem, n\u00e5r du laver svensk p\u00f8lseret og pr\u00f8ve at \u00e6ndre sm\u00e5ting hist og pist for at se, om du synes den ene eller anden ting smager bedre.&nbsp;<\/p>\n\n\n\n<h2 class=\"wp-block-heading\">Hvor stammer retten fra?<\/h2>\n\n\n\n<p>N\u00e5r man h\u00f8rer navnet p\u00e5 retten, som er Svensk P\u00f8lseret, s\u00e5 ville man umiddelbart t\u00e6nke, at retten stammer fra Sverige. S\u00e5dan er det dog ikke i det her tilf\u00e6lde. Det er faktisk en dansk ret. Navnet p\u00e5 retten menes at stamme fra danskere, der har v\u00e6ret p\u00e5 lejrskole i Sverige. Her skulle de efter sigende have lavet en samlet ret af alle deres rester. Her fik de en p\u00f8lseret i Sverige heraf navnet.&nbsp;<\/p>\n\n\n\n<p>Det vides alts\u00e5 ikke helt pr\u00e6cist hvorn\u00e5r retten er blevet opfundet eller af hvem det var. Det er dog blot den opfattelse, som man har af rettens oprindelse. Det er en sk\u00f8r lille historie, der ikke har den store dybe betydning, da det udelukkende handler om, at den hedder svensk p\u00f8lseret, fordi der var nogen p\u00e5 lejrskole i Sverige, der fik en p\u00f8lseret. Det er en simpel og sjov historie, der er nem at fort\u00e6lle videre, n\u00e5r du skal servere retten for venner eller familie.&nbsp;<\/p>\n\n\n\n<h2 class=\"wp-block-heading\">Er der forskellige m\u00e5der at lave svensk p\u00f8lseret p\u00e5?<\/h2>\n\n\n\n<p>I Danmark er der ikke en rigtig m\u00e5de at lave svensk p\u00f8lseret p\u00e5. Det betyder alts\u00e5, at der findes rigtig mange forskellige variationer af retten og derfor ogs\u00e5 mange forskellige m\u00e5der, som retten kan laves og tilberedes p\u00e5.&nbsp;<\/p>\n\n\n\n<p>Du vil derfor opleve, at hvis du gerne vil finde en opskrift, at de stort set alle sammen er forskellige p\u00e5 den ene eller anden m\u00e5de. Du kan alts\u00e5 ikke regne med, at du f\u00e5r en svensk p\u00f8lseret hos andre, der er 100% magen til den, som du selv laver eller kender til.&nbsp;<\/p>\n\n\n\n<p>Der er b\u00e5de fordele og ulemper ved, at det kan laves p\u00e5 forskellige m\u00e5der. Det giver dig selv en stor frihed i forhold til at eksperimentere med retten og dens smag. Du kan nemlig tilf\u00f8je eller fjerne nye ingredienser, hvis du skulle f\u00e5 lyst til at pr\u00f8ve noget nyt. Det vil give dig mulighed for hele tiden at forbedre retten.&nbsp;<\/p>\n\n\n\n<h2 class=\"wp-block-heading\">Her bliver retten lavet<\/h2>\n\n\n\n<p>Svensk p\u00f8lseret bliver prim\u00e6rt kun lavet i Danmark. Man skulle ellers tro, at den blev lavet i Sverige. Det er dog ikke s\u00e6rlig udbredt at lave svensk p\u00f8lseret i Sverige, hvilket betyder, at det er meget begr\u00e6nset, at retten bliver lavet i Sverige.&nbsp;<\/p>\n\n\n\n<p>Det er prim\u00e6rt en dansk ret, der bliver lavet i Danmark. Det skyldes, at det er en dansk ret, at den prim\u00e6rt laves i Danmark. Dens udbredelse i andre lande skyldes derfor udelukkende ogs\u00e5, at det er igennem et dansk bekendtskab eller bosiddende danskere, der laver retten i Sverige eller Norge. Det er derfor sv\u00e6rt at give et pr\u00e6cist bud p\u00e5, hvorhenne retten bliver lavet udover end i Danmark.&nbsp;<\/p>\n\n\n\n<p>Det kan dog med sikkerhed siges, at retten flittigt bliver lavet i Danmark. Det er dog meget begr\u00e6nset, hvor meget retten bliver lavet i udlandet. Herudover er det h\u00f8jst sandsynligt nok ogs\u00e5 udelukkende personer med en eller anden tilknytning til Danmark, der laver svensk p\u00f8lseret i andre lande end blot Danmark.&nbsp;<\/p>\n\n\n\n<h2 class=\"wp-block-heading\">Er det en popul\u00e6r ret at lave i Danmark?<\/h2>\n\n\n\n<p>Svensk p\u00f8lseret er en meget udbredt og popul\u00e6r ret at lave i Danmark. De fleste ville kende til retten, hvis de bliver spurgt til den. Det er dog ikke alle, der spiser den lige ofte. Det kommer ogs\u00e5 ofte an p\u00e5, hvilken familie man har. Det er en ret, der oftest figurerer og spises i b\u00f8rnefamilier eller familier, der har vokset op med den og har et specielt b\u00e5nd til den.&nbsp;<\/p>\n\n\n\n<p>Det er dog ikke s\u00e5dan, at det udelukkende er den type familie, der spiser svensk p\u00f8lseret. Det er dog ikke en ret, som alle danskere spiser s\u00e5 ofte. Det er derimod en ret, der en gang imellem bliver lavet og serveret til middagsbordet. Det er derfor en forholdsvis popul\u00e6r ret at lave i Danmark. Der findes dog ogs\u00e5 andre retter, der bliver lavet meget mere.&nbsp;<\/p>\n\n\n\n<p>I udlandet er svensk p\u00f8lseret ikke s\u00e6rlig kendt. Det er hovedageligt i Danmark, at retten spises og serveres.&nbsp;<\/p>\n\n\n\n<h2 class=\"wp-block-heading\">Hvorfor v\u00e6lger mange at lave svensk p\u00f8lseret?<\/h2>\n\n\n\n<p>Der er rigtig mange gode og forskellige grunde til, at folk laver svensk p\u00f8lseret. Det skyldes blandt andet, at retten er rigtig nem at lave. Det tager ikke helt vildt langt tid eller kr\u00e6ver de helt store kulinariske evner. Du kan derfor nemt f\u00f8lge en opskrift af svensk p\u00f8lseret, hvis du hurtigt skal have bikset noget l\u00e6kkert mad sammen.&nbsp;<\/p>\n\n\n\n<p>Det kr\u00e6ver heller ikke det helt store i forhold til ingredienser. Mange af tingene er ofte noget, som folk har til at ligge i deres k\u00f8kken. Det der ikke lige er tilg\u00e6ngeligt derhjemme kan ogs\u00e5 nemt handles ind, n\u00e5r der er brug for det.&nbsp;<\/p>\n\n\n\n<p>Herudover har du ogs\u00e5 mulighed for at lave meget store portioner, hvilket der er en r\u00e6kke af forskellige fordele ved. Det giver dig mulighed for at lave mad til en stor familie. Hvis I er en familie med 3 store drenge, s\u00e5 skal der ofte en helt masse mad til at m\u00e6tte alle sammen. Derfor er svensk p\u00f8lseret helt genial, da det er dejlig nemt at lave en k\u00e6mpe portion, som du kan v\u00e6re sikker p\u00e5 m\u00e6tter alle ved bordet. Det giver dig ogs\u00e5 mulighed for at gemme maden til madpakken eller en anden aften. Du kan derfor spare tid p\u00e5 madlavning, da du m\u00e5ske ikke beh\u00f8ver lave aftensmad dagen efter, at I har f\u00e5et svensk p\u00f8lseret.&nbsp;<\/p>\n\n\n\n<h2 class=\"wp-block-heading\">Hvordan smager svensk p\u00f8lseret?<\/h2>\n\n\n\n<p>Svensk p\u00f8lseret smager lidt ligesom man forventer, men det kommer ogs\u00e5 helt an p\u00e5, hvilke ingredienser der bruges. Der vil v\u00e6re en smag af p\u00f8lser og tomat, hvilket passer rigtig godt sammen med kartoflerne. Herudover kan der ogs\u00e5 tilf\u00f8jes eddike, hvilket ogs\u00e5 kan have indflydelse p\u00e5, hvordan retten kommer til at smage.&nbsp;<\/p>\n\n\n\n<p>Smagen kommer helt sikkert til at \u00e6ndre sig alt efter, hvad man putter i retten. Du&nbsp;har derfor ogs\u00e5 stor indflydelse p\u00e5 selv, hvordan det skal smage. Det er ikke ligesom en bearnaisesauce eller spaghetti carbonara, hvor det er en meget universel smag, som alle kender pr\u00e6cist til. De fleste har en fast smag, der ikke \u00e6ndrer sig specielt meget, n\u00e5r den laves&nbsp;rigtigt. Svensk p\u00f8lseret kan derimod godt \u00e6ndre sig mere i smagen end de to andre ting, da der er lidt flere muligheder for selv at p\u00e5virke retten, n\u00e5r den tilberedes.&nbsp;<\/p>\n\n\n\n<h2 class=\"wp-block-heading\">Hvilke retter minder om svensk p\u00f8lseret?<\/h2>\n\n\n\n<p>Hvis du godt kan lide svensk p\u00f8lseret og gerne vil pr\u00f8ve noget, der minder om har du et par forskellige muligheder. Der findes mange forskellige retter, der bruger p\u00f8lser og kartofler, men du har ogs\u00e5 mulighed for at pr\u00f8ve noget, der har en smag der minder lidt om det i forhold til tomaten.&nbsp;<\/p>\n\n\n\n<p>Det er oplagt at pr\u00f8ve p\u00f8lsemix, hvis du godt kan lide svensk p\u00f8lseret. Her er de to vigtigste ingredienser begge p\u00f8lser og kartofler, hvilket helt sikkert g\u00f8r, at de minder meget om hinanden. Herudover kunne det ogs\u00e5 v\u00e6re biksemad, der kunne minde en smule om det.&nbsp;<\/p>\n\n\n\n<p>Det viser alts\u00e5, at du godt kan finde et par enkelte retter, der minder om svensk p\u00f8lseret, hvis du gerne vil finde noget mad, der minder om det.&nbsp;<\/p>\n\n\n\n<h2 class=\"wp-block-heading\">Der er mange muligheder&nbsp;for at k\u00f8be det f\u00e6rdiglavet<\/h2>\n\n\n\n<p>Det er nemt at se, hvor popul\u00e6r retten er i Danmark i de danske supermarkeder. Her ses det tydeligt med alle de forskellige muligheder i forhold til f\u00e6rdiglavede retter, der er frosset ned. Du kan finde en masse forskellige fryseretter, der er svensk p\u00f8lseret. Det viser noget om, hvor mange der godt kan lide det i Danmark, da det bliver solgt som f\u00e6rdigret.&nbsp;<\/p>\n\n\n\n<p>Det er et glimrende alternativ til dig, der gerne vil have noget hurtigt, men m\u00e5ske ikke er den store fan af klassisk fastfood mad. Derfor er det smart, hvis du godt kan lide svensk p\u00f8lseret, at du k\u00f8ber dem p\u00e5 frost og kan finde dem frem de dage, hvor du virkelig ikke har lyst til at lave mad.&nbsp;<\/p>\n\n\n\n<p>Herudover m\u00e5 du dog ikke glemme, at det hele smager bedre, n\u00e5r det bliver lavet for bunden. Du m\u00e5 derfor ikke blive forbl\u00e6ndet af alle de fine muligheder, hvis det betyder, at du aldrig selv laver retten derhjemme mere. Hvis du engang imellem skulle k\u00f8re tr\u00e6t at spise svensk p\u00f8lseret, s\u00e5 kan du med fordel pr\u00f8ve at \u00e6ndre mere markante ting i opskriften.&nbsp;<\/p>\n\n\n\n<p>Du kan bytte kartoflerne ud med ris, hvilket \u00e6ndrer en helt del p\u00e5 den samlede oplevelse af retten, hvilket kan give den nyt liv og \u00e5bne endnu flere muligheder op, n\u00e5r du st\u00e5r og skal finde p\u00e5 middagsmad eller aftensmad.<\/p>\n\n\n\n<h2 class=\"wp-block-heading\">Det er en sikker vinder hos b\u00f8rnene<\/h2>\n\n\n\n<p>Har du b\u00f8rn derhjemme? Svensk p\u00f8lseret vil her v\u00e6re en sikker vinder, hvis du gerne vil lave noget l\u00e6kkert mad, som dine b\u00f8rn godt kan lide. Du kan derfor passende tilf\u00f8je retten til middagsrotationen for enten at pr\u00f8ve noget nyt eller blot skabe endnu mere variation. Det er nemlig de f\u00e6rreste b\u00f8rn, der ikke bryder sig om svensk p\u00f8lseret.&nbsp;<\/p>\n\n\n\n<p>Det er en simpel ret at lave, hvilket ogs\u00e5 fungerer godt til b\u00f8rnefamilier. Det g\u00f8r nemlig, at du hurtigt&nbsp;kan lave den, hvis du har travlt i hverdagen. Den kan ogs\u00e5 bruges til at f\u00e5 b\u00f8rnene med i k\u00f8kkenet. P\u00e5 den m\u00e5de kan de stille og roligt l\u00e6re at lave mad, da det er en forholdsvis simpel og nem ret at lave. Det er derfor en rigtig god ide, hvis du kan f\u00e5 dine b\u00f8rn til at hj\u00e6lpe med at lave maden, hvis det er svensk p\u00f8lseret, der st\u00e5r p\u00e5 menuen senere p\u00e5 ugen.&nbsp;<\/p>\n\n\n\n<p>Hvis du har kr\u00e6sne b\u00f8rn, der ikke er s\u00e5 vild med salat og andre retter, hvor der er en masse farver, s\u00e5 er svensk p\u00f8lseret en god mulighed. Her har du mulighed for at f\u00e5 dit barn til at spise en masse kartofler og p\u00f8lser, da det hele er blandet sammen i en. Det ligner derfor det samme p\u00e5 hele tallerkenen i stedet for, at der skal sorteres i maden, hvilket kan v\u00e6re forstyrrende for b\u00f8rn, der er meget kr\u00e6sne.<\/p>\n\n\n\n<p>Du kan s\u00e5 stille og roligt tilf\u00f8je sm\u00e5 ting til retten, s\u00e5som for\u00e5rsl\u00f8g til at putte ovenp\u00e5 for at give en gr\u00f8n farve. Det kan du hele tiden bygge videre p\u00e5 for at f\u00e5 dit barn til at spise mere forskellige.&nbsp;<\/p>\n\n\n\n<h2 class=\"wp-block-heading\">Opskrift p\u00e5 en perfekt svensk p\u00f8lseret<\/h2>\n\n\n\n<p>N\u00e5r du nu kender til alt omkring en svensk p\u00f8lseret, s\u00e5 vil du m\u00e5ske gerne pr\u00f8ve at lave den derhjemme selv ogs\u00e5. Derfor kan&nbsp;du f\u00f8lge den her opskrift p\u00e5 den perfekt svensk p\u00f8lseret, hvis du gerne vil pr\u00f8ve kr\u00e6fter med den l\u00e6kre gryderet.&nbsp;<\/p>\n\n\n\n<h3 class=\"wp-block-heading\">Ingredienser:<\/h3>\n\n\n\n<ul class=\"wp-block-list\">\n<li>2 l\u00f8g, finthakket<\/li>\n\n\n\n<li>1 fed hvidl\u00f8g, finthakket<\/li>\n\n\n\n<li>6 wienerp\u00f8lser, i skiver a 1 cm<\/li>\n\n\n\n<li>1 tsk s\u00f8d paprika<\/li>\n\n\n\n<li>1 dl tomatpur\u00e9<\/li>\n\n\n\n<li>2 spsk ketchup<\/li>\n\n\n\n<li>1 knivspids chili<\/li>\n\n\n\n<li>650 g kartoffel, kogte, sk\u00e5ret i tern<\/li>\n\n\n\n<li>2 dl m\u00e6lk<\/li>\n\n\n\n<li>1 dl piskefl\u00f8de<\/li>\n\n\n\n<li>1 tsk \u00e6blecidereddike, til at smage til<\/li>\n\n\n\n<li>1 spsk olivenolie<\/li>\n\n\n\n<li>1 tsk salt<\/li>\n\n\n\n<li>sort peber, friskkv\u00e6rnet<\/li>\n<\/ul>\n\n\n\n<h3 class=\"wp-block-heading\">Fremgangsm\u00e5de:<\/h3>\n\n\n\n<p>F\u00f8rst skal du starte med at sautere&nbsp;dine l\u00f8g og hvidl\u00f8g i en stor gryde ved mellemvarme. Det skal du g\u00f8re indtil l\u00f8gene er klare og bl\u00f8de, da de ikke m\u00e5 skifte farve. Herefter skal du tils\u00e6tte dine p\u00f8lser og paprika, hvor du r\u00f8rer i et par minutter.&nbsp;<\/p>\n\n\n\n<p>Skru nu lidt ned for varmen og tils\u00e6t tomatpure, ketchup og chili. S\u00f8rg for at r\u00f8r det godt sammen. Herefter tils\u00e6tter du kartofler og m\u00e6lk. Det skal simre i 3-4 minutter. R\u00f8r det godt rundt og kom fl\u00f8de i. Du kan herefter smage til med \u00e6blecidereddike, salt og peber. Du skal s\u00f8rge for at varme godt op under omr\u00f8ring, hvorefter retten er klar til servering&nbsp;<\/p>\n\n\n\n<div style=\"height:100px\" aria-hidden=\"true\" class=\"wp-block-spacer\"><\/div>\n","protected":false},"excerpt":{"rendered":"<p>Alt hvad du skal vide om svensk p\u00f8lseret Overvejer du at lave en svensk p\u00f8lseret, men vil du gerne vide lidt om retten helt generelt inden du starter p\u00e5 det? Det er altid sjovt at vide noget om det mad man laver, da der ofte er en masse sjov historie omkring de forskellige retter.&nbsp; Det [&hellip;]<\/p>\n","protected":false},"author":1,"featured_media":0,"parent":0,"menu_order":0,"comment_status":"closed","ping_status":"closed","template":"","meta":{"site-sidebar-layout":"default","site-content-layout":"","ast-site-content-layout":"default","site-content-style":"default","site-sidebar-style":"default","ast-global-header-display":"","ast-banner-title-visibility":"","ast-main-header-display":"","ast-hfb-above-header-display":"","ast-hfb-below-header-display":"","ast-hfb-mobile-header-display":"","site-post-title":"disabled","ast-breadcrumbs-content":"","ast-featured-img":"","footer-sml-layout":"","ast-disable-related-posts":"","theme-transparent-header-meta":"","adv-header-id-meta":"","stick-header-meta":"","header-above-stick-meta":"","header-main-stick-meta":"","header-below-stick-meta":"","astra-migrate-meta-layouts":"set","ast-page-background-enabled":"default","ast-page-background-meta":{"desktop":{"background-color":"var(--ast-global-color-4)","background-image":"","background-repeat":"repeat","background-position":"center center","background-size":"auto","background-attachment":"scroll","background-type":"","background-media":"","overlay-type":"","overlay-color":"","overlay-opacity":"","overlay-gradient":""},"tablet":{"background-color":"","background-image":"","background-repeat":"repeat","background-position":"center center","background-size":"auto","background-attachment":"scroll","background-type":"","background-media":"","overlay-type":"","overlay-color":"","overlay-opacity":"","overlay-gradient":""},"mobile":{"background-color":"","background-image":"","background-repeat":"repeat","background-position":"center center","background-size":"auto","background-attachment":"scroll","background-type":"","background-media":"","overlay-type":"","overlay-color":"","overlay-opacity":"","overlay-gradient":""}},"ast-content-background-meta":{"desktop":{"background-color":"var(--ast-global-color-5)","background-image":"","background-repeat":"repeat","background-position":"center center","background-size":"auto","background-attachment":"scroll","background-type":"","background-media":"","overlay-type":"","overlay-color":"","overlay-opacity":"","overlay-gradient":""},"tablet":{"background-color":"var(--ast-global-color-5)","background-image":"","background-repeat":"repeat","background-position":"center center","background-size":"auto","background-attachment":"scroll","background-type":"","background-media":"","overlay-type":"","overlay-color":"","overlay-opacity":"","overlay-gradient":""},"mobile":{"background-color":"var(--ast-global-color-5)","background-image":"","background-repeat":"repeat","background-position":"center center","background-size":"auto","background-attachment":"scroll","background-type":"","background-media":"","overlay-type":"","overlay-color":"","overlay-opacity":"","overlay-gradient":""}},"footnotes":""},"class_list":["post-10","page","type-page","status-publish","hentry"],"_links":{"self":[{"href":"https:\/\/xn--svensk-plseret-xqb.dk\/index.php\/wp-json\/wp\/v2\/pages\/10","targetHints":{"allow":["GET"]}}],"collection":[{"href":"https:\/\/xn--svensk-plseret-xqb.dk\/index.php\/wp-json\/wp\/v2\/pages"}],"about":[{"href":"https:\/\/xn--svensk-plseret-xqb.dk\/index.php\/wp-json\/wp\/v2\/types\/page"}],"author":[{"embeddable":true,"href":"https:\/\/xn--svensk-plseret-xqb.dk\/index.php\/wp-json\/wp\/v2\/users\/1"}],"replies":[{"embeddable":true,"href":"https:\/\/xn--svensk-plseret-xqb.dk\/index.php\/wp-json\/wp\/v2\/comments?post=10"}],"version-history":[{"count":7,"href":"https:\/\/xn--svensk-plseret-xqb.dk\/index.php\/wp-json\/wp\/v2\/pages\/10\/revisions"}],"predecessor-version":[{"id":74,"href":"https:\/\/xn--svensk-plseret-xqb.dk\/index.php\/wp-json\/wp\/v2\/pages\/10\/revisions\/74"}],"wp:attachment":[{"href":"https:\/\/xn--svensk-plseret-xqb.dk\/index.php\/wp-json\/wp\/v2\/media?parent=10"}],"curies":[{"name":"wp","href":"https:\/\/api.w.org\/{rel}","templated":true}]}}